{"id":2842,"date":"2025-10-23T19:16:26","date_gmt":"2025-10-23T19:16:26","guid":{"rendered":"https:\/\/curielxperience.com\/?page_id=2842"},"modified":"2025-10-23T19:17:54","modified_gmt":"2025-10-23T19:17:54","slug":"politica-de-devolucion","status":"publish","type":"page","link":"https:\/\/curielxperience.com\/esp\/politica-de-devolucion\/","title":{"rendered":"Pol\u00edtica de Devoluci\u00f3n"},"content":{"rendered":"<div data-elementor-type=\"wp-page\" data-elementor-id=\"2842\" class=\"elementor elementor-2842\" data-elementor-post-type=\"page\">\n\t\t\t\t\t\t<section class=\"elementor-section elementor-top-section elementor-element elementor-element-390307b2 elementor-section-boxed elementor-section-height-default elementor-section-height-default\" data-id=\"390307b2\" data-element_type=\"section\">\n\t\t\t\t\t\t<div class=\"elementor-container elementor-column-gap-default\">\n\t\t\t\t\t<div class=\"elementor-column elementor-col-100 elementor-top-column elementor-element elementor-element-710f1d0\" data-id=\"710f1d0\" data-element_type=\"column\">\n\t\t\t<div class=\"elementor-widget-wrap elementor-element-populated\">\n\t\t\t\t\t\t<div class=\"elementor-element elementor-element-1b8973d6 elementor-widget elementor-widget-text-editor\" data-id=\"1b8973d6\" data-element_type=\"widget\" data-widget_type=\"text-editor.default\">\n\t\t\t\t<div class=\"elementor-widget-container\">\n\t\t\t<style>\/*! elementor - v3.20.0 - 11-03-2024 *\/\n.elementor-widget-text-editor.elementor-drop-cap-view-stacked .elementor-drop-cap{background-color:#69727d;color:#fff}.elementor-widget-text-editor.elementor-drop-cap-view-framed .elementor-drop-cap{color:#69727d;border:3px solid;background-color:transparent}.elementor-widget-text-editor:not(.elementor-drop-cap-view-default) .elementor-drop-cap{margin-top:8px}.elementor-widget-text-editor:not(.elementor-drop-cap-view-default) .elementor-drop-cap-letter{width:1em;height:1em}.elementor-widget-text-editor .elementor-drop-cap{float:left;text-align:center;line-height:1;font-size:50px}.elementor-widget-text-editor .elementor-drop-cap-letter{display:inline-block}<\/style>\t\t\t\t<p><strong>POLITICAS DE DEVOLUCION.<\/strong><\/p>\n<p>CurielXperience es una empresa que comparte experiencias de senderismo y actividades al aire libre en Puerto Vallarta realizadas previamente por reservaci\u00f3n.<\/p>\n<p>Una vez recibido el correo electr\u00f3nico con n\u00famero de reservaci\u00f3n, su experiencia estar\u00e1 garantizada. Por favor revisa su bandeja de entrada.<\/p>\n<p>La pol\u00edtica de devoluci\u00f3n y cancelaciones aplica \u00fanicamente a reservaciones realizadas a trav\u00e9s de nuestro sitio web.<\/p>\n<p>Cancelaci\u00f3n o solicitud de reembolso 48 horas antes de su experiencia hay un cargo del 20% por gastos administrativos.<\/p>\n<p>Menos de 48 horas antes de la experiencia o no presentaci\u00f3n no hay reembolso ni devoluci\u00f3n.<\/p>\n<p>24 horas de la experiencia solo podr\u00e1 hacer cambio de fecha sujeto a disponibilidad.<\/p>\n<p>No hay devoluciones por cuestiones clim\u00e1ticas, solo se re agenda la excursi\u00f3n.<\/p>\n<p>\u00a0<\/p>\n<p>\u00a0<\/p>\n<p>\u00a0<\/p>\n<p>\u00a0<\/p>\n<p>\u00a0<\/p>\t\t\t\t\t\t<\/div>\n\t\t\t\t<\/div>\n\t\t\t\t\t<\/div>\n\t\t<\/div>\n\t\t\t\t\t<\/div>\n\t\t<\/section>\n\t\t\t\t<\/div>","protected":false},"excerpt":{"rendered":"<p>POLITICAS DE DEVOLUCION. CurielXperience es una empresa que comparte experiencias de senderismo y actividades al aire libre en Puerto Vallarta realizadas previamente por reservaci\u00f3n. Una vez recibido el correo electr\u00f3nico con n\u00famero de reservaci\u00f3n, su experiencia estar\u00e1 garantizada. Por favor revisa su bandeja de entrada. La pol\u00edtica de devoluci\u00f3n y cancelaciones aplica \u00fanicamente a reservaciones [&hellip;]<\/p>","protected":false},"author":1,"featured_media":0,"parent":0,"menu_order":0,"comment_status":"closed","ping_status":"closed","template":"","meta":{"footnotes":""},"class_list":["post-2842","page","type-page","status-publish","hentry"],"jetpack_sharing_enabled":true,"_links":{"self":[{"href":"https:\/\/curielxperience.com\/esp\/wp-json\/wp\/v2\/pages\/2842","targetHints":{"allow":["GET"]}}],"collection":[{"href":"https:\/\/curielxperience.com\/esp\/wp-json\/wp\/v2\/pages"}],"about":[{"href":"https:\/\/curielxperience.com\/esp\/wp-json\/wp\/v2\/types\/page"}],"author":[{"embeddable":true,"href":"https:\/\/curielxperience.com\/esp\/wp-json\/wp\/v2\/users\/1"}],"replies":[{"embeddable":true,"href":"https:\/\/curielxperience.com\/esp\/wp-json\/wp\/v2\/comments?post=2842"}],"version-history":[{"count":4,"href":"https:\/\/curielxperience.com\/esp\/wp-json\/wp\/v2\/pages\/2842\/revisions"}],"predecessor-version":[{"id":2846,"href":"https:\/\/curielxperience.com\/esp\/wp-json\/wp\/v2\/pages\/2842\/revisions\/2846"}],"wp:attachment":[{"href":"https:\/\/curielxperience.com\/esp\/wp-json\/wp\/v2\/media?parent=2842"}],"curies":[{"name":"wp","href":"https:\/\/api.w.org\/{rel}","templated":true}]}}